{"id":2853,"date":"2015-10-14T04:15:14","date_gmt":"2015-10-14T04:15:14","guid":{"rendered":"http:\/\/dev.cactusthemes.com\/business\/?page_id=2853"},"modified":"2024-12-27T13:15:37","modified_gmt":"2024-12-27T11:15:37","slug":"homepage-v1","status":"publish","type":"page","link":"https:\/\/maatrans.ee\/","title":{"rendered":"Pealeht"},"content":{"rendered":"<div class=\"wpb-content-wrapper\"><p>[vc_row full_width=&#8221;stretch_row_content_no_spaces&#8221; css=&#8221;.vc_custom_1673422920724{margin-top: 0px !important;margin-bottom: 0px !important;padding-top: 0px !important;padding-bottom: 0px !important;}&#8221;][vc_column css=&#8221;.vc_custom_1452826995379{margin-top: 0px !important;margin-bottom: 0px !important;padding-top: 0px !important;padding-bottom: 0px !important;}&#8221;][vc_single_image image=&#8221;8968&#8243; img_size=&#8221;full&#8221; alignment=&#8221;center&#8221;][\/vc_column][\/vc_row][vc_row full_width=&#8221;stretch_row_content&#8221; equal_height=&#8221;yes&#8221; css=&#8221;.vc_custom_1735296718882{margin-top: 0px !important;margin-bottom: 0px !important;padding-top: 20px !important;padding-right: 120px !important;padding-bottom: 20px !important;padding-left: 120px !important;background-color: #ffd800 !important;}&#8221;][vc_column width=&#8221;3\/4&#8243; css=&#8221;.vc_custom_1735296669141{padding-top: 0px !important;padding-bottom: 0px !important;}&#8221;][vc_column_text css_animation=&#8221;right-to-left&#8221; css=&#8221;.vc_custom_1735296704756{margin-top: 0px !important;margin-bottom: 0px !important;}&#8221;]<\/p>\n<h3><strong>Maatrans p\u00f5hiliseks tegevusalaks on kaupade transport\/jaotusvedu<\/strong><\/h3>\n<p>[\/vc_column_text][\/vc_column][vc_column width=&#8221;1\/4&#8243; css=&#8221;.vc_custom_1735296306348{padding-top: 0px !important;padding-bottom: 0px !important;}&#8221;][vc_column_text css_animation=&#8221;right-to-left&#8221; css=&#8221;.vc_custom_1735296738863{margin-top: 0px !important;margin-bottom: 0px !important;}&#8221;]<a href=\"mailto:info@maatrans.ee\">info[@]maatrans.ee<\/a>[\/vc_column_text][\/vc_column][\/vc_row][vc_row full_width=&#8221;stretch_row_content&#8221; css=&#8221;.vc_custom_1735297580878{padding-top: 60px !important;padding-right: 60px !important;padding-bottom: 60px !important;padding-left: 60px !important;}&#8221;][vc_column width=&#8221;1\/5&#8243;][vc_column_text css=&#8221;&#8221;]<\/p>\n<h3><strong>VISIOON<\/strong><\/h3>\n<p>[\/vc_column_text][vc_column_text css=&#8221;&#8221;]Tagada oma toodete, teenuste, t\u00f6\u00f6tajate ning tervikuna meie ettev\u00f5tte kvaliteedi. V\u00e4\u00e4rtustame oma t\u00f6\u00f6tajaid ja keskkonda, mis soodustab head t\u00f6\u00f6d.[\/vc_column_text][\/vc_column][vc_column width=&#8221;1\/5&#8243;][vc_column_text css=&#8221;&#8221;]<\/p>\n<h3><strong>USALDUS<\/strong><\/h3>\n<p>[\/vc_column_text][vc_column_text css=&#8221;&#8221;]Maatrans pakub omapoolse panusena kindlat -usaldusv\u00e4\u00e4rset- stabiilselt kvaliteetset teenust, kus v\u00f5etud kohustused saavad t\u00e4idetud vastavalt kokkulepetele. Vastutame oma t\u00f6\u00f6 eest.[\/vc_column_text][\/vc_column][vc_column width=&#8221;1\/5&#8243;][vc_column_text css=&#8221;&#8221;]<\/p>\n<h3><strong>PAINDLIKKUS<\/strong><\/h3>\n<p>[\/vc_column_text][vc_column_text css=&#8221;&#8221;]Alustame oma kliendi vajaduste realiseerimist algusest l\u00f5puni. Oleme paindlikud ja kliendi vajadusi arvestavad[\/vc_column_text][\/vc_column][vc_column width=&#8221;1\/5&#8243;][vc_column_text css=&#8221;&#8221;]<\/p>\n<h3><strong>PROFESSIONAALSUS<\/strong><\/h3>\n<p>[\/vc_column_text][vc_column_text css=&#8221;&#8221;]Arendame pidevalt oma personali, tahame, et meie meeskond koosneks oma ala parimatest.[\/vc_column_text][\/vc_column][vc_column width=&#8221;1\/5&#8243;][vc_column_text css=&#8221;&#8221;]<\/p>\n<h3><strong>PIDEV ARENG<\/strong><\/h3>\n<p>[\/vc_column_text][vc_column_text css=&#8221;&#8221;]Parendame pidevalt oma kvaliteedijuhtimiss\u00fcsteemi. Vaatame regulaarselt \u00fcle oma kvaliteedipoliitika ja -eesm\u00e4rgid j\u00e4tkuva sobivuse suhtes ja viime sisse operatiivselt vajalikud muudatused.[\/vc_column_text][\/vc_column][\/vc_row][vc_row full_width=&#8221;stretch_row_content&#8221; css=&#8221;.vc_custom_1735297778489{margin-top: 0px !important;margin-bottom: 0px !important;padding-top: 40px !important;padding-bottom: 60px !important;background-color: #eeeeee !important;}&#8221;][vc_column width=&#8221;1\/2&#8243; css=&#8221;.vc_custom_1735297004287{padding-top: 60px !important;padding-right: 60px !important;padding-bottom: 60px !important;padding-left: 60px !important;}&#8221;][vc_column_text css=&#8221;&#8221;]<\/p>\n<h3><strong>Mida t\u00e4hendab meie jaoks klient?<\/strong><\/h3>\n<p>L\u00e4htume alati kliendi soovist saada meilt mugavalt k\u00e4tte vajaliku teenuse. Selleks, et pakkuda optimaalset osa ja t\u00e4isteenuste paketti soosime igati pikaajalist paindlikul suhtlemisel baseeruvat suhet klientidega.[\/vc_column_text][vc_column_text css=&#8221;&#8221;]<\/p>\n<h3><strong>Mida peaks klient teadma meie poolt pakutavatest teenustest?<\/strong><\/h3>\n<p>Tagame parima klienditeeninduse, kus kliendi k\u00fcsimused saavad alati lahenduse. T\u00e4idame antud lubadusi ja v\u00f5etud kohustusi \u00f5igeaegselt. Teenused, mida oma klientidele pakume on stabiilselt kvaliteetsed.[\/vc_column_text][vc_column_text css=&#8221;&#8221;]<\/p>\n<h3><strong>Kes on meie t\u00f6\u00f6tajad?<\/strong><\/h3>\n<p>Inimesed, keda v\u00f5ib alati usaldada ja kelle peale v\u00f5ib loota.[\/vc_column_text][\/vc_column][vc_column width=&#8221;1\/2&#8243; css=&#8221;.vc_custom_1451014631547{padding-top: 60px !important;padding-bottom: 0px !important;}&#8221;][vc_gallery type=&#8221;image_grid&#8221; images=&#8221;8924,8923,8925,8920&#8243; img_size=&#8221;300&#215;220&#8243; onclick=&#8221;&#8221; css=&#8221;.vc_custom_1735297323490{padding-top: 10px !important;padding-right: 10px !important;padding-bottom: 10px !important;padding-left: 10px !important;}&#8221;][\/vc_column][\/vc_row]<\/p>\n<\/div>","protected":false},"excerpt":{"rendered":"<p>[vc_row full_width=&#8221;stretch_row_content_no_spaces&#8221; css=&#8221;.vc_custom_1673422920724{margin-top: 0px !important;margin-bottom: 0px !important;padding-top: 0px !important;padding-bottom: 0px !important;}&#8221;][vc_column css=&#8221;.vc_custom_1452826995379{margin-top: 0px !important;margin-bottom: 0px !important;padding-top: 0px !important;padding-bottom: 0px !important;}&#8221;][vc_single_image image=&#8221;8968&#8243; img_size=&#8221;full&#8221; alignment=&#8221;center&#8221;][\/vc_column][\/vc_row][vc_row full_width=&#8221;stretch_row_content&#8221; equal_height=&#8221;yes&#8221; css=&#8221;.vc_custom_1735296718882{margin-top: 0px !important;margin-bottom: 0px !important;padding-top: 20px !important;padding-right: 120px !important;padding-bottom: 20px !important;padding-left: 120px !important;background-color: #ffd800 !important;}&#8221;][vc_column width=&#8221;3\/4&#8243; css=&#8221;.vc_custom_1735296669141{padding-top: 0px !important;padding-bottom: 0px !important;}&#8221;][vc_column_text css_animation=&#8221;right-to-left&#8221; css=&#8221;.vc_custom_1735296704756{margin-top: 0px !important;margin-bottom: 0px !important;}&#8221;] Maatrans p\u00f5hiliseks tegevusalaks [&hellip;]<\/p>\n","protected":false},"author":1,"featured_media":0,"parent":0,"menu_order":0,"comment_status":"closed","ping_status":"closed","template":"","meta":{"footnotes":""},"class_list":["post-2853","page","type-page","status-publish","hentry"],"_links":{"self":[{"href":"https:\/\/maatrans.ee\/index.php?rest_route=\/wp\/v2\/pages\/2853","targetHints":{"allow":["GET"]}}],"collection":[{"href":"https:\/\/maatrans.ee\/index.php?rest_route=\/wp\/v2\/pages"}],"about":[{"href":"https:\/\/maatrans.ee\/index.php?rest_route=\/wp\/v2\/types\/page"}],"author":[{"embeddable":true,"href":"https:\/\/maatrans.ee\/index.php?rest_route=\/wp\/v2\/users\/1"}],"replies":[{"embeddable":true,"href":"https:\/\/maatrans.ee\/index.php?rest_route=%2Fwp%2Fv2%2Fcomments&post=2853"}],"version-history":[{"count":5,"href":"https:\/\/maatrans.ee\/index.php?rest_route=\/wp\/v2\/pages\/2853\/revisions"}],"predecessor-version":[{"id":8996,"href":"https:\/\/maatrans.ee\/index.php?rest_route=\/wp\/v2\/pages\/2853\/revisions\/8996"}],"wp:attachment":[{"href":"https:\/\/maatrans.ee\/index.php?rest_route=%2Fwp%2Fv2%2Fmedia&parent=2853"}],"curies":[{"name":"wp","href":"https:\/\/api.w.org\/{rel}","templated":true}]}}